{"id":216,"date":"2021-09-10T11:56:55","date_gmt":"2021-09-10T14:56:55","guid":{"rendered":"http:\/\/ccmg.com.br\/?page_id=216"},"modified":"2025-02-04T15:11:24","modified_gmt":"2025-02-04T18:11:24","slug":"inscricao-4o-mopar-uai","status":"publish","type":"page","link":"https:\/\/ccmg.com.br\/index.php\/inscricao-4o-mopar-uai\/","title":{"rendered":"Inscri\u00e7\u00e3o 4\u00ba Mopar Uai"},"content":{"rendered":"\n<p>Dia 19 de abril de 2025 &#8211; Mega Space &#8211; Santa Luzia<\/p>\n\n\n\n<figure class=\"wp-block-image size-large\"><img loading=\"lazy\" width=\"661\" height=\"400\" src=\"https:\/\/ccmg.com.br\/wp-content\/uploads\/2025\/01\/arte-copo-Mopar-Uai-2025_site-1.jpg\" alt=\"\" class=\"wp-image-253\" srcset=\"https:\/\/ccmg.com.br\/wp-content\/uploads\/2025\/01\/arte-copo-Mopar-Uai-2025_site-1.jpg 661w, https:\/\/ccmg.com.br\/wp-content\/uploads\/2025\/01\/arte-copo-Mopar-Uai-2025_site-1-300x182.jpg 300w\" sizes=\"(max-width: 661px) 100vw, 661px\" \/><figcaption>O MOPAR UAI 2025 est\u00e1 chegando e queremos voc\u00ea, sua fam\u00edlia e sua m\u00e1quina com a gente!<br>Se voc\u00ea tem um MOPAR, esse \u00e9 o seu momento de se encontrar com os demais loucos por MOPAR iguais a voc\u00ea.<br><br>Dia 19 de abril de 2025, no MEGA SPACE na Cidade de Santa Luzia (15 km de Belo Horizonte), das 8:00 \u00e0s 18:00hrs. <br>https:\/\/megaspace.com.br\/como-chegar\/<br>Av. das Ind\u00fastrias, 3000 &#8211; Distrito Industrial II, Santa Luzia &#8211; MG, 33040-130<br><br>Para inscrever-se, preencha o formul\u00e1rio abaixo. <br><br><strong>PRIMEIRO LOTE:<\/strong> at\u00e9 20 de mar\u00e7o de 2025<br>Valor inscri\u00e7\u00e3o s\u00f3cio: R$250,00<br>Acompanhantes (familiares) de s\u00f3cio: idade de 13 anos ou mais: R$100,00 e <em>de 7 a 12 anos<\/em>: R$50,00<br><em>Valor inscri\u00e7\u00e3o n\u00e3o s\u00f3cio: R$350,00<\/em><br>Acompanhantes (familiares) de n\u00e3o s\u00f3cio: idade de 13 anos ou mais: R$120,00 e <em>de 7 a 12 anos<\/em>: R$50,00<br>Valor para convidado por s\u00f3cio: idade de 13 anos ou mais: R$250,00 e de 7 a 12 anos: R$50,00 <br><br><strong>SEGUNDO LOTE:<\/strong><em> de 21 de mar\u00e7o a 4 de abril de 2025<\/em><br><em>Valor inscri\u00e7\u00e3o s\u00f3cio: R$280,00<\/em><br><em>Acompanhantes (familiares) de s\u00f3cio: idade de 13 anos ou mais: R$120,00 e <em>de 7 a 12 anos<\/em><\/em>: <em>R$50,00<\/em><br><em>Valor inscri\u00e7\u00e3o n\u00e3o s\u00f3cio: R$380,00<\/em><br><em>Acompanhantes (familiares) de n\u00e3o s\u00f3cio: idade de 13 anos ou mais: R$140,00 e <em>de 7 a 12 anos<\/em><\/em>: <em>R$50,00<\/em><br><em>Valor para convidado: idade de 13 anos ou mais: R$280,00<\/em> e de 7 a 12 anos: R$50,00 <br><br>De 0 a 06 anos a entrada \u00e9 gratuita!<br><br><strong>Observa\u00e7\u00f5es<\/strong>:<br>&#8211; acompanhantes <strong>n\u00e3o<\/strong> ter\u00e3o direito ao kit; <br>&#8211; convidados n\u00e3o receber\u00e3o kit e <strong>n\u00e3o<\/strong> ter\u00e3o acesso a pista de arrancada.<br><br><em>O que voc\u00ea vai encontrar no MEGA SPACE:<\/em><br><em>\u2714\ufe0f \u00c1rea para exposi\u00e7\u01ceo de MOPAR \ud83d\ude97<\/em><br><em>\u2714\ufe0f Pista para acelerar o seu MOPAR \ud83d\ude97<\/em><br><em>\u2714\ufe0f Um circuito no qual iremos dar tr\u00eas voltas passeando, pois \u00e9 muito travado e perigoso para o seu MOPAR \ud83d\ude97<\/em><br><em>\u2714\ufe0f \u00c1rea para zerinhos e queimar pneus do seu MOPAR \ud83d\ude97<\/em><br><em>\u2714\ufe0f \u00c1rea Kids com monitor para o seu filho se divertir \ud83c\udfad<\/em><br><em>\u2714\ufe0f Caf\u00e9 da manh\u01ce com p\u00e3o de queijo, almo\u00e7o e lanche da tarde com mais p\u00e3o de queijo UAI \ud83c\udf54\ud83c\udf7a<\/em><br><br>Fa\u00e7a a sua Inscri\u00e7\u00e3o, dos seus acompanhantes e do seus MOPARS agora mesmo!<br>\u26a0\ufe0f Voc\u00ea s\u00f3cio ou n\u00e3o s\u00f3cio que ir\u00e1 participar e inscrever o seu MOPAR e se possuir um ou mais MOPARS, todos os seus MOPARS podem entrar pelo mesmo valor de uma inscri\u00e7\u00e3o. S\u00f3 cadastrar o modelo e placa na inscri\u00e7\u00e3o!<br>\u26a0\ufe0f Vale um kit MOPAR UAI por inscri\u00e7\u00e3o (uma camisa, um adesivo e um copo do evento). Obs.: convidados n\u00e3o receber\u00e3o kit e n\u00e3o ter\u00e3o acesso a pista de arrancada.<br>\u26a0\ufe0f Venda de camisas do Portuga e copos do evento no local!<\/figcaption><\/figure>\n\n\n\n<p style=\"font-size:12px\">\ud83c\udfe8 <strong>Onde se hospedar?<\/strong> <\/p>\n\n\n\n<p style=\"font-size:12px\">No site do MEGA SPACE tem no menu a op\u00e7\u00e3o onde se hospedar! www.megaspace.com.br\/onde-hospedar\/<\/p>\n\n\n\n<p style=\"font-size:12px\">Mas a galera elegeu um hotelzinho modesto e muito aconchegante que \u00e9 o Casa Nova e fica aproximadamente a 5km do Mega Space. Voc\u00ea poder\u00e1 cham\u00e1-los para falar da&nbsp; sua reserva atrav\u00e9z dos canais abaixo!<\/p>\n\n\n\n<p style=\"font-size:12px\">Email: atendimento@hotelcasanova.com.br<\/p>\n\n\n\n<p style=\"font-size:12px\">WhatsApp<\/p>\n\n\n\n<p style=\"font-size:12px\">&nbsp;+55 31 99254-3335<\/p>\n\n\n\n<p style=\"font-size:12px\">Instagram: www.instagram.com\/hotelcasanovamg?igsh=YzUwYzduNHF4emQ5<\/p>\n\n\n\n<p style=\"font-size:12px\">&#8211; [ ] Tem a Pousado do Pireco que est\u00e1 muito pr\u00f3ximo ao hotel Casa Nova, caso se esgote o hotel e se a galera quiser ficar pr\u00f3xima s\u00f3 fazer reserva l\u00e1 pessoal! Voc\u00ea poder\u00e1 cham\u00e1-los para falar da&nbsp; sua reserva atrav\u00e9z dos canais abaixo!<\/p>\n\n\n\n<p style=\"font-size:12px\">www.pousadadopireco.com.br<\/p>\n\n\n\n<p style=\"font-size:12px\">WhatsApp (31)98979-3136<\/p>\n\n\n\n<p style=\"font-size:12px\">&#8211; [ ] E o Hotel Ouro Minas que ir\u00e1 te proporcionar uma experi\u00eancia sensacional! Um luxo de hotel!<\/p>\n\n\n\n<p style=\"font-size:12px\">Av. Cristiano Machado, 4001<br>Palmares &#8211; Belo Horizonte &#8211; MG<br>Telefone: (31) 3429-4001<br>reserva@ourominas.com.br<br>www.ourominas.com.br<br>Fica aproximadamente a 12km do Mega Space<\/p>\n\n\n\n<p><\/p>\n\n\n\n<p><strong>Aten\u00e7\u00e3o:<\/strong> entraremos em contato para conclus\u00e3o da inscri\u00e7\u00e3o assim que recebermos o formul\u00e1rio abaixo preenchido.<\/p>\n\n\n<div role=\"form\" class=\"wpcf7\" id=\"wpcf7-f215-o1\" lang=\"pt-BR\" dir=\"ltr\">\n<div class=\"screen-reader-response\"><\/div>\n<form action=\"\/index.php\/wp-json\/wp\/v2\/pages\/216#wpcf7-f215-o1\" method=\"post\" class=\"wpcf7-form\" novalidate=\"novalidate\">\n<div style=\"display: none;\">\n<input type=\"hidden\" name=\"_wpcf7\" value=\"215\" \/>\n<input type=\"hidden\" name=\"_wpcf7_version\" value=\"5.1.4\" \/>\n<input type=\"hidden\" name=\"_wpcf7_locale\" value=\"pt_BR\" \/>\n<input type=\"hidden\" name=\"_wpcf7_unit_tag\" value=\"wpcf7-f215-o1\" \/>\n<input type=\"hidden\" name=\"_wpcf7_container_post\" value=\"0\" \/>\n<\/div>\n<p>DADOS DO PARTICIPANTE:<\/p>\n<p><label> Nome completo (obrigat\u00f3rio)<br \/>\n    <span class=\"wpcf7-form-control-wrap nome\"><input type=\"text\" name=\"nome\" value=\"\" size=\"40\" class=\"wpcf7-form-control wpcf7-text wpcf7-validates-as-required\" aria-required=\"true\" aria-invalid=\"false\" \/><\/span> <\/label><\/p>\n<p><label> E-mail (obrigat\u00f3rio)<br \/>\n    <span class=\"wpcf7-form-control-wrap email\"><input type=\"email\" name=\"email\" value=\"\" size=\"40\" class=\"wpcf7-form-control wpcf7-text wpcf7-email wpcf7-validates-as-required wpcf7-validates-as-email\" aria-required=\"true\" aria-invalid=\"false\" \/><\/span> <\/label><\/p>\n<p><label> CPF (obrigat\u00f3rio)<br \/>\n    <span class=\"wpcf7-form-control-wrap cpf\"><input type=\"text\" name=\"cpf\" value=\"\" size=\"40\" class=\"wpcf7-form-control wpcf7-text wpcf7-validates-as-required\" aria-required=\"true\" aria-invalid=\"false\" \/><\/span> <\/label><\/p>\n<p><label> Endere\u00e7o (obrigat\u00f3rio)<br \/>\n    <span class=\"wpcf7-form-control-wrap endereco\"><input type=\"text\" name=\"endereco\" value=\"\" size=\"40\" class=\"wpcf7-form-control wpcf7-text wpcf7-validates-as-required\" aria-required=\"true\" aria-invalid=\"false\" \/><\/span> <\/label><\/p>\n<p><label> Cidade (obrigat\u00f3rio)<br \/>\n    <span class=\"wpcf7-form-control-wrap cidade\"><input type=\"text\" name=\"cidade\" value=\"\" size=\"40\" class=\"wpcf7-form-control wpcf7-text wpcf7-validates-as-required\" aria-required=\"true\" aria-invalid=\"false\" \/><\/span> <\/label><\/p>\n<p><label> UF (obrigat\u00f3rio)<br \/>\n    <span class=\"wpcf7-form-control-wrap uf\"><input type=\"text\" name=\"uf\" value=\"\" size=\"40\" class=\"wpcf7-form-control wpcf7-text wpcf7-validates-as-required\" aria-required=\"true\" aria-invalid=\"false\" \/><\/span> <\/label><\/p>\n<p><label> CEP (obrigat\u00f3rio)<br \/>\n    <span class=\"wpcf7-form-control-wrap cep\"><input type=\"text\" name=\"cep\" value=\"\" size=\"40\" class=\"wpcf7-form-control wpcf7-text wpcf7-validates-as-required\" aria-required=\"true\" aria-invalid=\"false\" \/><\/span> <\/label><\/p>\n<p><label>Associado CCMG<br \/>\n<span class=\"wpcf7-form-control-wrap AssociadoCCMG\"><span class=\"wpcf7-form-control wpcf7-radio ccmg\" id=\"associado\"><span class=\"wpcf7-list-item first\"><label><input type=\"radio\" name=\"AssociadoCCMG\" value=\"sim\" checked=\"checked\" \/><span class=\"wpcf7-list-item-label\">sim<\/span><\/label><\/span><span class=\"wpcf7-list-item last\"><label><input type=\"radio\" name=\"AssociadoCCMG\" value=\"n\u00e3o\" \/><span class=\"wpcf7-list-item-label\">n\u00e3o<\/span><\/label><\/span><\/span><\/span> <\/label><\/p>\n<p>ACOMPANHANTES:<\/p>\n<p><label> Quantidade de acompanhantes adultos<br \/>\n    <span class=\"wpcf7-form-control-wrap acompanhantes-adultos\"><input type=\"text\" name=\"acompanhantes-adultos\" value=\"\" size=\"40\" class=\"wpcf7-form-control wpcf7-text\" aria-invalid=\"false\" \/><\/span> <\/label><\/p>\n<p><label> Quantidade de crian\u00e7as de 0 a 6 anos<br \/>\n    <span class=\"wpcf7-form-control-wrap acompanhantes-criancas0a6\"><input type=\"text\" name=\"acompanhantes-criancas0a6\" value=\"\" size=\"40\" class=\"wpcf7-form-control wpcf7-text\" aria-invalid=\"false\" \/><\/span> <\/label><\/p>\n<p><label> Quantidade de crian\u00e7as de 7 a 12 anos<br \/>\n    <span class=\"wpcf7-form-control-wrap acompanhantes-criancas7a12\"><input type=\"text\" name=\"acompanhantes-criancas7a12\" value=\"\" size=\"40\" class=\"wpcf7-form-control wpcf7-text\" aria-invalid=\"false\" \/><\/span> <\/label><\/p>\n<p><label> Nome completo e idade dos acompanhantes<br \/>\n    <span class=\"wpcf7-form-control-wrap nomes-acompanhantes\"><input type=\"text\" name=\"nomes-acompanhantes\" value=\"\" size=\"40\" class=\"wpcf7-form-control wpcf7-text\" aria-invalid=\"false\" \/><\/span> <\/label><\/p>\n<p>DADOS DO VE\u00cdCULO<br \/>\n<label> Marca<br \/>\n    <span class=\"wpcf7-form-control-wrap marca\"><input type=\"text\" name=\"marca\" value=\"\" size=\"40\" class=\"wpcf7-form-control wpcf7-text\" aria-invalid=\"false\" \/><\/span> <\/label><\/p>\n<p><label> Modelo<br \/>\n    <span class=\"wpcf7-form-control-wrap modelo\"><input type=\"text\" name=\"modelo\" value=\"\" size=\"40\" class=\"wpcf7-form-control wpcf7-text\" aria-invalid=\"false\" \/><\/span> <\/label><\/p>\n<p><label> Ano<br \/>\n    <span class=\"wpcf7-form-control-wrap ano\"><input type=\"text\" name=\"ano\" value=\"\" size=\"40\" class=\"wpcf7-form-control wpcf7-text\" aria-invalid=\"false\" \/><\/span> <\/label><\/p>\n<p><label> Placa<br \/>\n    <span class=\"wpcf7-form-control-wrap placa\"><input type=\"text\" name=\"placa\" value=\"\" size=\"40\" class=\"wpcf7-form-control wpcf7-text\" aria-invalid=\"false\" \/><\/span> <\/label><\/p>\n<p><label> Cor<br \/>\n    <span class=\"wpcf7-form-control-wrap cor\"><input type=\"text\" name=\"cor\" value=\"\" size=\"40\" class=\"wpcf7-form-control wpcf7-text\" aria-invalid=\"false\" \/><\/span> <\/label><\/p>\n<p><label> Tamanho camiseta<br \/>\n<span class=\"wpcf7-form-control-wrap TamanhoCamiseta\"><select name=\"TamanhoCamiseta\" class=\"wpcf7-form-control wpcf7-select wpcf7-validates-as-required tamanho\" id=\"camiseta\" aria-required=\"true\" aria-invalid=\"false\"><option value=\"\">---<\/option><option value=\"P\">P<\/option><option value=\"M\">M<\/option><option value=\"G\">G<\/option><option value=\"GG\">GG<\/option><option value=\"XGG\">XGG<\/option><\/select><\/span><\/label><\/p>\n<p>CONVIDADOS:<\/p>\n<p><label> Nome completo e idade dos convidados<br \/>\n    <span class=\"wpcf7-form-control-wrap convidados\"><input type=\"text\" name=\"convidados\" value=\"\" size=\"40\" class=\"wpcf7-form-control wpcf7-text\" aria-invalid=\"false\" \/><\/span> <\/label><\/p>\n<p>Os convidados ir\u00e3o em outro ve\u00edculo? Informe o modelo e a placa para controle na entrada do evento.<\/p>\n<p><label> Marca e modelo do carro dos convidados<br \/>\n    <span class=\"wpcf7-form-control-wrap carro-convidado\"><input type=\"text\" name=\"carro-convidado\" value=\"\" size=\"40\" class=\"wpcf7-form-control wpcf7-text\" aria-invalid=\"false\" \/><\/span> <\/label><\/p>\n<p><label> Placa carro convidado<br \/>\n    <span class=\"wpcf7-form-control-wrap placa-convidado\"><input type=\"text\" name=\"placa-convidado\" value=\"\" size=\"40\" class=\"wpcf7-form-control wpcf7-text\" aria-invalid=\"false\" \/><\/span> <\/label><\/p>\n<p>C O N S I D E R A \u00c7 \u00d5 E S<\/p>\n<p>1) A Taxa de inscri\u00e7\u00e3o ser\u00e1 :<br \/>\nPRIMEIRO LOTE: at\u00e9 20 de mar\u00e7o de 2025<br \/>\nValor inscri\u00e7\u00e3o s\u00f3cio: R$250,00<br \/>\nAcompanhantes (familiares) de s\u00f3cio: idade de 13 anos ou mais: R$100,00 e de 7 a 12 anos: R$50,00<br \/>\nValor inscri\u00e7\u00e3o n\u00e3o s\u00f3cio: R$350,00<br \/>\nAcompanhantes (familiares) de n\u00e3o s\u00f3cio: idade de 13 anos ou mais: R$120,00 e de 7 a 12 anos: R$50,00<br \/>\nValor para convidado por s\u00f3cio: idade de 13 anos ou mais: R$250,00 e de 7 a 12 anos: R$50,00 <\/p>\n<p>SEGUNDO LOTE: de 21 de mar\u00e7o a 4 de abril de 2025<br \/>\nValor inscri\u00e7\u00e3o s\u00f3cio: R$280,00<br \/>\nAcompanhantes (familiares) de s\u00f3cio: idade de 13 anos ou mais: R$120,00 e de 7 a 12 anos: R$50,00<br \/>\nValor inscri\u00e7\u00e3o n\u00e3o s\u00f3cio: R$380,00<br \/>\nAcompanhantes (familiares) de n\u00e3o s\u00f3cio: idade de 13 anos ou mais: R$140,00 e de 7 a 12 anos: R$50,00<br \/>\nValor para convidado: idade de 13 anos ou mais: R$280,00 e de 7 a 12 anos: R$50,00 <\/p>\n<p>De 0 a 06 anos a entrada \u00e9 gratuita<\/p>\n<p>O inscrito receber\u00e1 no ato do Check-in 01(um) Kit contendo uma camisa de acordo com o tamanho escolhido acima, um adesivo e um copo do evento. <\/p>\n<p>Obs.: acompanhantes n\u00e3o ter\u00e3o direito ao kit; convidados n\u00e3o receber\u00e3o kit e n\u00e3o ter\u00e3o acesso a pista de arrancada.<\/p>\n<p>2) A Taxa de inscri\u00e7\u00e3o somente ser\u00e1 recebida antecipadamente, atrav\u00e9s de boleto banc\u00e1rio emitido pelo CCMG de acordo com os dados acima informados e ser\u00e1 necess\u00e1ria apresenta\u00e7\u00e3o da quita\u00e7\u00e3o do mesmo no ato da retirada dos kits no Mega Space.<\/p>\n<p>3) O CCMG, bem como o Mega Space n\u00e3o se responsabilizar\u00e3o por eventuais danos nos ve\u00edculos durante o evento, tais como avarias ou colis\u00f5es provocadas por terceiros, danos e fen\u00f4menos da natureza, etc...; E o evento n\u00e3o \u00e9 uma competi\u00e7\u00e3o desportiva, isentando assim o clube e o Mega Space de qualquer dano ou acidente ocorrido, seja por imper\u00edcia, imprud\u00eancia, embriaguez ou qualquer fator dessa natureza.<\/p>\n<p>4) Os ve\u00edculos em exposi\u00e7\u00e3o n\u00e3o ter\u00e3o cord\u00e3o de isolamento, cabendo a cada um zelar pelo seu.<\/p>\n<p>5) O participante declara ci\u00eancia e autoriza a poss\u00edvel utiliza\u00e7\u00e3o ou divulga\u00e7\u00e3o em m\u00eddias de quaisquer imagens do mesmo e seus acompanhantes, captadas durante o MOPAR UAI, sem direito a reclama\u00e7\u00f5es posteriores.<\/p>\n<p>6) Aten\u00e7\u00e3o: o MOPAR UAI n\u00e3o \u00e9 um evento aberto a p\u00fablico. Pessoas n\u00e3o inscritas atrav\u00e9s deste formul\u00e1rio n\u00e3o poder\u00e3o ingressar no recinto do Mega Space.<\/p>\n<p><span class=\"wpcf7-form-control-wrap aceite-consideracoes\"><span class=\"wpcf7-form-control wpcf7-acceptance\"><span class=\"wpcf7-list-item\"><label><input type=\"checkbox\" name=\"aceite-consideracoes\" value=\"1\" aria-invalid=\"false\" class=\"aceite\" id=\"consideracoes\" \/><span class=\"wpcf7-list-item-label\">Estou de acordo com as considera\u00e7\u00f5es .<\/span><\/label><\/span><\/span><\/span><\/p>\n<p><input type=\"submit\" value=\"Enviar\" class=\"wpcf7-form-control wpcf7-submit\" \/><\/p>\n<div class=\"wpcf7-response-output wpcf7-display-none\"><\/div><\/form><\/div>\n\n\n\n<p><\/p>\n","protected":false},"excerpt":{"rendered":"<p>Dia 19 de abril de 2025 &#8211; Mega Space &#8211; Santa Luzia \ud83c\udfe8 Onde se hospedar? No site do MEGA SPACE tem no menu a op\u00e7\u00e3o onde se hospedar! www.megaspace.com.br\/onde-hospedar\/ Mas a galera elegeu um hotelzinho modesto e muito aconchegante que \u00e9 o Casa Nova e fica aproximadamente a 5km do Mega Space. Voc\u00ea poder\u00e1 &hellip; <\/p>\n<p class=\"link-more\"><a href=\"https:\/\/ccmg.com.br\/index.php\/inscricao-4o-mopar-uai\/\" class=\"more-link\">Continue lendo<span class=\"screen-reader-text\"> &#8220;Inscri\u00e7\u00e3o 4\u00ba Mopar Uai&#8221;<\/span><\/a><\/p>\n","protected":false},"author":1,"featured_media":0,"parent":0,"menu_order":0,"comment_status":"closed","ping_status":"closed","template":"","meta":[],"_links":{"self":[{"href":"https:\/\/ccmg.com.br\/index.php\/wp-json\/wp\/v2\/pages\/216"}],"collection":[{"href":"https:\/\/ccmg.com.br\/index.php\/wp-json\/wp\/v2\/pages"}],"about":[{"href":"https:\/\/ccmg.com.br\/index.php\/wp-json\/wp\/v2\/types\/page"}],"author":[{"embeddable":true,"href":"https:\/\/ccmg.com.br\/index.php\/wp-json\/wp\/v2\/users\/1"}],"replies":[{"embeddable":true,"href":"https:\/\/ccmg.com.br\/index.php\/wp-json\/wp\/v2\/comments?post=216"}],"version-history":[{"count":28,"href":"https:\/\/ccmg.com.br\/index.php\/wp-json\/wp\/v2\/pages\/216\/revisions"}],"predecessor-version":[{"id":281,"href":"https:\/\/ccmg.com.br\/index.php\/wp-json\/wp\/v2\/pages\/216\/revisions\/281"}],"wp:attachment":[{"href":"https:\/\/ccmg.com.br\/index.php\/wp-json\/wp\/v2\/media?parent=216"}],"curies":[{"name":"wp","href":"https:\/\/api.w.org\/{rel}","templated":true}]}}