{"id":25,"date":"2019-10-28T21:36:22","date_gmt":"2019-10-29T00:36:22","guid":{"rendered":"http:\/\/ccmg.com.br\/?page_id=25"},"modified":"2025-02-02T11:45:57","modified_gmt":"2025-02-02T14:45:57","slug":"pagina-inicial","status":"publish","type":"page","link":"https:\/\/ccmg.com.br\/","title":{"rendered":"P\u00e1gina inicial"},"content":{"rendered":"<h1>Bem-vindo ao site do<br \/>\n<span class=\"colored-text\">Chrysler Clube Minas Gerais<\/span>!<\/h1>\n<p>Aqui voc\u00ea encontra informa\u00e7\u00f5es sobre nossos encontros, exclusivos para ve\u00edculos da linha Chrysler, e muito mais.<\/p>\n<p>Aproveite e associe-se ao CCMG, clicando <span style=\"color: #ff0000;\"><a style=\"color: #ff0000;\" href=\"http:\/\/ccmg.com.br\/index.php\/associe-se\/\"><strong>aqui<\/strong><\/a><\/span>!<\/p>\n<p><a href=\"https:\/\/ccmg.com.br\/index.php\/inscricao-4o-mopar-uai\/\"><img loading=\"lazy\" class=\"alignnone wp-image-260 size-full\" src=\"http:\/\/ccmg.com.br\/wp-content\/uploads\/2025\/01\/flyer-mopar-uai-2025-site.jpg\" alt=\"\" width=\"1109\" height=\"1465\" srcset=\"https:\/\/ccmg.com.br\/wp-content\/uploads\/2025\/01\/flyer-mopar-uai-2025-site.jpg 1109w, https:\/\/ccmg.com.br\/wp-content\/uploads\/2025\/01\/flyer-mopar-uai-2025-site-227x300.jpg 227w, https:\/\/ccmg.com.br\/wp-content\/uploads\/2025\/01\/flyer-mopar-uai-2025-site-775x1024.jpg 775w, https:\/\/ccmg.com.br\/wp-content\/uploads\/2025\/01\/flyer-mopar-uai-2025-site-768x1015.jpg 768w\" sizes=\"(max-width: 767px) 89vw, (max-width: 1000px) 54vw, (max-width: 1071px) 543px, 580px\" \/><\/a><\/p>\n<h2><\/h2>\n<p><strong style=\"font-size: inherit;\">Somos um clube membro da FBVA<\/strong><\/p>\n<p><img loading=\"lazy\" class=\"alignnone wp-image-200 size-full\" src=\"http:\/\/ccmg.com.br\/wp-content\/uploads\/2020\/10\/banner-fbva-1.jpg\" alt=\"\" width=\"1366\" height=\"300\" srcset=\"https:\/\/ccmg.com.br\/wp-content\/uploads\/2020\/10\/banner-fbva-1.jpg 1366w, https:\/\/ccmg.com.br\/wp-content\/uploads\/2020\/10\/banner-fbva-1-300x66.jpg 300w, https:\/\/ccmg.com.br\/wp-content\/uploads\/2020\/10\/banner-fbva-1-1024x225.jpg 1024w, https:\/\/ccmg.com.br\/wp-content\/uploads\/2020\/10\/banner-fbva-1-768x169.jpg 768w\" sizes=\"(max-width: 767px) 89vw, (max-width: 1000px) 54vw, (max-width: 1071px) 543px, 580px\" \/><\/p>\n<h2><strong>V\u00eddeos:<br \/>\n<\/strong><\/h2>\n<p><iframe title=\"Mopar Uai 2023\" width=\"525\" height=\"295\" src=\"https:\/\/www.youtube.com\/embed\/xWxYHLEDdjc?feature=oembed\" frameborder=\"0\" allow=\"accelerometer; autoplay; clipboard-write; encrypted-media; gyroscope; picture-in-picture; web-share\" referrerpolicy=\"strict-origin-when-cross-origin\" allowfullscreen><\/iframe><\/p>\n<p><iframe title=\"Mopar Uai 2021\" width=\"525\" height=\"295\" src=\"https:\/\/www.youtube.com\/embed\/H1MqjKWPlRI?feature=oembed\" frameborder=\"0\" allow=\"accelerometer; autoplay; clipboard-write; encrypted-media; gyroscope; picture-in-picture; web-share\" referrerpolicy=\"strict-origin-when-cross-origin\" allowfullscreen><\/iframe><\/p>\n<p><iframe title=\"1\u00ba Mopar Uai - Chrysler Clube Minas Gerais\" width=\"525\" height=\"295\" src=\"https:\/\/www.youtube.com\/embed\/nGHIw8_nqbs?feature=oembed\" frameborder=\"0\" allow=\"accelerometer; autoplay; clipboard-write; encrypted-media; gyroscope; picture-in-picture; web-share\" referrerpolicy=\"strict-origin-when-cross-origin\" allowfullscreen><\/iframe><\/p>\n<p><iframe title=\"Churrasco anual CCMG\" width=\"525\" height=\"295\" src=\"https:\/\/www.youtube.com\/embed\/F0xkHAEYgJY?feature=oembed\" frameborder=\"0\" allow=\"accelerometer; autoplay; clipboard-write; encrypted-media; gyroscope; picture-in-picture; web-share\" referrerpolicy=\"strict-origin-when-cross-origin\" allowfullscreen><\/iframe><\/p>\n<p><iframe title=\"29 de dezembro de 2018\" width=\"525\" height=\"295\" src=\"https:\/\/www.youtube.com\/embed\/mhrBwGw0pOk?feature=oembed\" frameborder=\"0\" allow=\"accelerometer; autoplay; clipboard-write; encrypted-media; gyroscope; picture-in-picture; web-share\" referrerpolicy=\"strict-origin-when-cross-origin\" allowfullscreen><\/iframe><\/p>\n<h2><\/h2>\n","protected":false},"excerpt":{"rendered":"<p>Bem-vindo ao site do Chrysler Clube Minas Gerais! Aqui voc\u00ea encontra informa\u00e7\u00f5es sobre nossos encontros, exclusivos para ve\u00edculos da linha Chrysler, e muito mais. Aproveite e associe-se ao CCMG, clicando aqui! Somos um clube membro da FBVA V\u00eddeos:<\/p>\n","protected":false},"author":1,"featured_media":0,"parent":0,"menu_order":0,"comment_status":"closed","ping_status":"closed","template":"","meta":[],"_links":{"self":[{"href":"https:\/\/ccmg.com.br\/index.php\/wp-json\/wp\/v2\/pages\/25"}],"collection":[{"href":"https:\/\/ccmg.com.br\/index.php\/wp-json\/wp\/v2\/pages"}],"about":[{"href":"https:\/\/ccmg.com.br\/index.php\/wp-json\/wp\/v2\/types\/page"}],"author":[{"embeddable":true,"href":"https:\/\/ccmg.com.br\/index.php\/wp-json\/wp\/v2\/users\/1"}],"replies":[{"embeddable":true,"href":"https:\/\/ccmg.com.br\/index.php\/wp-json\/wp\/v2\/comments?post=25"}],"version-history":[{"count":26,"href":"https:\/\/ccmg.com.br\/index.php\/wp-json\/wp\/v2\/pages\/25\/revisions"}],"predecessor-version":[{"id":272,"href":"https:\/\/ccmg.com.br\/index.php\/wp-json\/wp\/v2\/pages\/25\/revisions\/272"}],"wp:attachment":[{"href":"https:\/\/ccmg.com.br\/index.php\/wp-json\/wp\/v2\/media?parent=25"}],"curies":[{"name":"wp","href":"https:\/\/api.w.org\/{rel}","templated":true}]}}