{"id":26,"date":"2019-10-28T21:36:22","date_gmt":"2019-10-29T00:36:22","guid":{"rendered":"http:\/\/ccmg.com.br\/?page_id=26"},"modified":"2020-10-22T00:09:53","modified_gmt":"2020-10-22T03:09:53","slug":"sobre","status":"publish","type":"page","link":"https:\/\/ccmg.com.br\/index.php\/sobre\/","title":{"rendered":"Sobre o CCMG"},"content":{"rendered":"<p>O Chrysler Clube de Minas Gerais come\u00e7ou suas atividades em 2017, atrav\u00e9s da reuni\u00e3o de alguns apaixonados por ve\u00edculos da marca, residentes em Belo Horizonte e regi\u00e3o. A paix\u00e3o por Mopars e a amizade levou-os a organizarem encontros e passeios e, com o tempo, a ideia de formar um clube para que pudessem unir cada vez mais aficcionados pela Chrysler ganhou forma.<\/p>\n<p>Ent\u00e3o, seja bem vindo!<\/p>\n<p><img loading=\"lazy\" class=\"alignnone size-full wp-image-92\" src=\"http:\/\/ccmg.com.br\/wp-content\/uploads\/2019\/10\/IMG-20190811-WA0024.jpg\" alt=\"\" width=\"1024\" height=\"683\" srcset=\"https:\/\/ccmg.com.br\/wp-content\/uploads\/2019\/10\/IMG-20190811-WA0024.jpg 1024w, https:\/\/ccmg.com.br\/wp-content\/uploads\/2019\/10\/IMG-20190811-WA0024-300x200.jpg 300w, https:\/\/ccmg.com.br\/wp-content\/uploads\/2019\/10\/IMG-20190811-WA0024-768x512.jpg 768w\" sizes=\"(max-width: 767px) 89vw, (max-width: 1000px) 54vw, (max-width: 1071px) 543px, 580px\" \/><\/p>\n","protected":false},"excerpt":{"rendered":"<p>O Chrysler Clube de Minas Gerais come\u00e7ou suas atividades em 2017, atrav\u00e9s da reuni\u00e3o de alguns apaixonados por ve\u00edculos da marca, residentes em Belo Horizonte e regi\u00e3o. A paix\u00e3o por Mopars e a amizade levou-os a organizarem encontros e passeios e, com o tempo, a ideia de formar um clube para que pudessem unir cada &hellip; <\/p>\n<p class=\"link-more\"><a href=\"https:\/\/ccmg.com.br\/index.php\/sobre\/\" class=\"more-link\">Continue lendo<span class=\"screen-reader-text\"> &#8220;Sobre o CCMG&#8221;<\/span><\/a><\/p>\n","protected":false},"author":1,"featured_media":0,"parent":0,"menu_order":0,"comment_status":"closed","ping_status":"closed","template":"","meta":[],"_links":{"self":[{"href":"https:\/\/ccmg.com.br\/index.php\/wp-json\/wp\/v2\/pages\/26"}],"collection":[{"href":"https:\/\/ccmg.com.br\/index.php\/wp-json\/wp\/v2\/pages"}],"about":[{"href":"https:\/\/ccmg.com.br\/index.php\/wp-json\/wp\/v2\/types\/page"}],"author":[{"embeddable":true,"href":"https:\/\/ccmg.com.br\/index.php\/wp-json\/wp\/v2\/users\/1"}],"replies":[{"embeddable":true,"href":"https:\/\/ccmg.com.br\/index.php\/wp-json\/wp\/v2\/comments?post=26"}],"version-history":[{"count":4,"href":"https:\/\/ccmg.com.br\/index.php\/wp-json\/wp\/v2\/pages\/26\/revisions"}],"predecessor-version":[{"id":210,"href":"https:\/\/ccmg.com.br\/index.php\/wp-json\/wp\/v2\/pages\/26\/revisions\/210"}],"wp:attachment":[{"href":"https:\/\/ccmg.com.br\/index.php\/wp-json\/wp\/v2\/media?parent=26"}],"curies":[{"name":"wp","href":"https:\/\/api.w.org\/{rel}","templated":true}]}}